{"id":103,"date":"2018-06-15T22:34:38","date_gmt":"2018-06-15T20:34:38","guid":{"rendered":"https:\/\/astronomic-run.fr\/?page_id=103"},"modified":"2024-05-31T15:25:05","modified_gmt":"2024-05-31T13:25:05","slug":"reglement","status":"publish","type":"page","link":"https:\/\/astronomic-run.fr\/index.php\/reglement\/","title":{"rendered":"R\u00e8glement"},"content":{"rendered":"\n<p><img loading=\"lazy\" decoding=\"async\" width=\"31\" height=\"42\" class=\"wp-image-196 alignnone\" src=\"https:\/\/astronomic-run.fr\/wp-content\/uploads\/2018\/06\/icon-pdf.png\" alt=\"icone pdf\"> \u00a0 <a href=\"https:\/\/astronomic-run.fr\/wp-content\/uploads\/2024\/05\/Reglement2024-1.doc\" target=\"_blank\" rel=\"noreferrer noopener nofollow\">T\u00e9l\u00e9charger le r\u00e8glement 2024<\/a><\/p>\n\n\n\n<p><\/p>\n\n\n\n<p><\/p>\n","protected":false},"excerpt":{"rendered":"<p>\u00a0 T\u00e9l\u00e9charger le r\u00e8glement 2024<\/p>\n","protected":false},"author":1,"featured_media":0,"parent":0,"menu_order":0,"comment_status":"closed","ping_status":"closed","template":"","meta":{"footnotes":""},"class_list":["post-103","page","type-page","status-publish","hentry"],"_links":{"self":[{"href":"https:\/\/astronomic-run.fr\/index.php\/wp-json\/wp\/v2\/pages\/103","targetHints":{"allow":["GET"]}}],"collection":[{"href":"https:\/\/astronomic-run.fr\/index.php\/wp-json\/wp\/v2\/pages"}],"about":[{"href":"https:\/\/astronomic-run.fr\/index.php\/wp-json\/wp\/v2\/types\/page"}],"author":[{"embeddable":true,"href":"https:\/\/astronomic-run.fr\/index.php\/wp-json\/wp\/v2\/users\/1"}],"replies":[{"embeddable":true,"href":"https:\/\/astronomic-run.fr\/index.php\/wp-json\/wp\/v2\/comments?post=103"}],"version-history":[{"count":21,"href":"https:\/\/astronomic-run.fr\/index.php\/wp-json\/wp\/v2\/pages\/103\/revisions"}],"predecessor-version":[{"id":14560,"href":"https:\/\/astronomic-run.fr\/index.php\/wp-json\/wp\/v2\/pages\/103\/revisions\/14560"}],"wp:attachment":[{"href":"https:\/\/astronomic-run.fr\/index.php\/wp-json\/wp\/v2\/media?parent=103"}],"curies":[{"name":"wp","href":"https:\/\/api.w.org\/{rel}","templated":true}]}}