{"id":10742,"date":"2021-03-02T23:29:57","date_gmt":"2021-03-02T22:29:57","guid":{"rendered":"https:\/\/astronomic-run.fr\/?page_id=10742"},"modified":"2021-03-02T23:29:57","modified_gmt":"2021-03-02T22:29:57","slug":"infos-pratiques-2020","status":"publish","type":"page","link":"https:\/\/astronomic-run.fr\/index.php\/infos-pratiques-2020\/","title":{"rendered":"Infos pratiques 2020"},"content":{"rendered":"<h3>Date<\/h3>\n<p>Samedi 12 septembre 2020<\/p>\n<h3>Les courses<\/h3>\n<p>Course de 10 km : pour tout(e) participant(e) de 16 ans et plus<br clear=\"none\" \/>Course de 1,2 km : pour tout(e) participant(e) de 10 ans \u00e0 11 ans<br clear=\"none\" \/>Course de 2,4 km : pour tout(e) participant(e) de 12 ans \u00e0 15 ans<br clear=\"none\" \/>Course de 8 min : pour tout(e) participant(e) de 7 ans \u00e0 9 ans<\/p>\n<h3>Horaires de d\u00e9part<\/h3>\n<p>18h00 : Course de 8 minutes (Eveil Athl\u00e9tique)<br clear=\"none\" \/>18h15 : Course de 1,2 km (1 boucle)- U12<br clear=\"none\" \/>18h30 : Course de 2,4 km (2 boucles) &#8211; U14\/U16<br clear=\"none\" \/>19h00 : Course de 10 km <br clear=\"none\" \/>20h30 : remise des r\u00e9compenses<\/p>\n<h3>Lieu de d\u00e9part et d&rsquo;arriv\u00e9e<\/h3>\n<p>Ecole \u00c9l\u00e9mentaire : <a href=\"https:\/\/goo.gl\/maps\/u9yFp64PGcF2\" target=\"_blank\" rel=\"noopener noreferrer\" data-bcup-haslogintext=\"no\">Rue Saint-R\u00e9my, 51490 Beine-Nauroy<\/a><\/p>\n<h3>Lieu de retrait des dossards<\/h3>\n<p>Salle polyvalente de Beine-Nauroy &#8211; rue de Prunay<\/p>\n<h3>Horaires de retrait des dossards<\/h3>\n<p>Vendredi 11 septembre de 14h00 \u00e0 20h00<br clear=\"none\" \/>Samedi 12 septembre de 14h \u00e0 18h<\/p>\n<h3>R\u00e9compenses<\/h3>\n<p>Une r\u00e9compense sera remise aux cinq premiers scratchs hommes et femmes.<br clear=\"none\" \/>Seuls les concurrents pr\u00e9sents \u00e0 la remise des prix pourront pr\u00e9tendre aux r\u00e9compenses.<br clear=\"none\" \/>Tous les enfants participants seront r\u00e9compens\u00e9s.<\/p>\n<h3>Ravitaillements<\/h3>\n<p>A l&rsquo;arriv\u00e9e de chaque course.<\/p>\n<h3>Inscriptions<\/h3>\n<p>Par Internet sur <a href=\"https:\/\/astronomic-run.fr\/index.php\/sinscrire\/\" rel=\"noopener noreferrer\" data-bcup-haslogintext=\"no\">ledossard.com<\/a><\/p>\n<h3>Tarif<\/h3>\n<p>12 \u20ac pour la course adultes 10 km<br \/>\n3 \u20ac pour les courses enfants<\/p>\n<h3>Organisateur<\/h3>\n<p><a href=\"http:\/\/www.mairie-beine-nauroy.fr\/index.php\/asso-menu\/beine-culture-sports\" target=\"_blank\" rel=\"noopener noreferrer\" data-bcup-haslogintext=\"no\">Association Beine Culture et Sports<\/a><\/p>\n<h3>Parking<\/h3>\n<p>A l&rsquo;entr\u00e9e du village (rue de Reims)<br \/>\nLes rues du circuit seront bloqu\u00e9es \u00e0 la circulation \u00e0 partir de 17h30. D\u00e9viation possible par la rue du Ch\u00e2teau et Rue de la Maladrie.<\/p>\n<h3>Logistique<\/h3>\n<p>Vestiaires et douches \u00e0 la salle polyvalente du village : <a href=\"https:\/\/goo.gl\/maps\/cuj7zyEhWbS2\" target=\"_blank\" rel=\"noopener noreferrer\" data-bcup-haslogintext=\"no\">rue de Prunay<\/a><\/p>\n<p>Restauration et buvette sur place (ch\u00e8ques et esp\u00e8ces accept\u00e9s)<\/p>\n<p><iframe loading=\"lazy\" style=\"border: 0;\" src=\"https:\/\/www.google.com\/maps\/embed?pb=!1m18!1m12!1m3!1d6376.206017377114!2d4.2088515524858!3d49.2471075166451!2m3!1f0!2f0!3f0!3m2!1i1024!2i768!4f13.1!3m3!1m2!1s0x47e9790089137afb%3A0x27a978b991b22b96!2sSalle+polyvalente!5e0!3m2!1sfr!2sfr!4v1529528005746\" width=\"600\" height=\"450\" frameborder=\"0\" allowfullscreen=\"allowfullscreen\"><\/iframe><\/p>\n<p><!--<iframe loading=\"lazy\" width=\"425\" height=\"350\" frameborder=\"0\" scrolling=\"no\" marginheight=\"0\" marginwidth=\"0\" src=\"https:\/\/www.openstreetmap.org\/export\/embed.html?bbox=4.203772544860841%2C49.240017450955484%2C4.22276258468628%2C49.24999123378917&amp;layer=mapnik&amp;marker=49.245004594196345%2C4.2132568359375\" style=\"border: 1px solid black\"><\/iframe>\n<small><a href=\"https:\/\/www.openstreetmap.org\/?mlat=49.2450&amp;mlon=4.2133#map=16\/49.2450\/4.2133\">Afficher une carte plus grande<\/a><\/small>--><\/p>\n","protected":false},"excerpt":{"rendered":"<p>Date Samedi 12 septembre 2020 Les courses Course de 10 km : pour tout(e) participant(e) de 16 ans et plusCourse [&hellip;]<\/p>\n","protected":false},"author":1,"featured_media":0,"parent":0,"menu_order":0,"comment_status":"closed","ping_status":"closed","template":"","meta":{"footnotes":""},"class_list":["post-10742","page","type-page","status-publish","hentry"],"_links":{"self":[{"href":"https:\/\/astronomic-run.fr\/index.php\/wp-json\/wp\/v2\/pages\/10742","targetHints":{"allow":["GET"]}}],"collection":[{"href":"https:\/\/astronomic-run.fr\/index.php\/wp-json\/wp\/v2\/pages"}],"about":[{"href":"https:\/\/astronomic-run.fr\/index.php\/wp-json\/wp\/v2\/types\/page"}],"author":[{"embeddable":true,"href":"https:\/\/astronomic-run.fr\/index.php\/wp-json\/wp\/v2\/users\/1"}],"replies":[{"embeddable":true,"href":"https:\/\/astronomic-run.fr\/index.php\/wp-json\/wp\/v2\/comments?post=10742"}],"version-history":[{"count":1,"href":"https:\/\/astronomic-run.fr\/index.php\/wp-json\/wp\/v2\/pages\/10742\/revisions"}],"predecessor-version":[{"id":10743,"href":"https:\/\/astronomic-run.fr\/index.php\/wp-json\/wp\/v2\/pages\/10742\/revisions\/10743"}],"wp:attachment":[{"href":"https:\/\/astronomic-run.fr\/index.php\/wp-json\/wp\/v2\/media?parent=10742"}],"curies":[{"name":"wp","href":"https:\/\/api.w.org\/{rel}","templated":true}]}}