{"id":116,"date":"2018-06-15T22:38:46","date_gmt":"2018-06-15T20:38:46","guid":{"rendered":"https:\/\/astronomic-run.fr\/?page_id=116"},"modified":"2025-05-28T22:50:41","modified_gmt":"2025-05-28T20:50:41","slug":"sinscrire","status":"publish","type":"page","link":"https:\/\/astronomic-run.fr\/index.php\/sinscrire\/","title":{"rendered":"S&rsquo;inscrire"},"content":{"rendered":"<p>Les inscriptions se font en ligne jusqu&rsquo;au 11 septembre 2025 : <a href=\"https:\/\/ledossard.com\/inscription\/index.php?id=2999\" target=\"_blank\">https:\/\/ledossard.com\/inscription\/index.php?id=2999<\/a><\/p>\n<p>Le nombre de places est limit\u00e9 : ne tardez pas \u00e0 vous inscrire !<\/p>\n<p><strong>Les inscriptions sont possibles le jour m\u00eame entre 16h et 18h (avec majoration du tarif).<\/strong><\/p>\n<p>La f\u00e9d\u00e9ration fran\u00e7aise d&rsquo;athl\u00e9tisme rend obligatoire le <strong>PPS<\/strong> (Parcours de Pr\u00e9vention Sant\u00e9) \u00e0 la place du certificat m\u00e9dical. Pour cela :<br \/>1. Cr\u00e9er un compte sur <a href=\"https:\/\/pps.athle.fr\/\" target=\"_blank\" rel=\"noopener\">https:\/\/pps.athle.fr\/<\/a><br \/>2. Indiquer la date de la course (13\/09\/2025)<br \/>3. R\u00e9pondre au questionnaire<br \/>4. T\u00e9l\u00e9charger votre PPS sur le site d&rsquo;inscription en ligne ledossard.com en lieu et place de l&rsquo;ancien certificat m\u00e9dical.<\/p>\n<p>L\u2019\u00e9preuve est ouverte aux coureurs licenci\u00e9s et non licenci\u00e9s qui devront pr\u00e9senter :<\/p>\n<ul>\n<li>Une licence Athl\u00e9 Comp\u00e9tition, Athl\u00e9 Entreprise, Athl\u00e9 Running, d\u00e9livr\u00e9e par la FFA et compl\u00e9t\u00e9e par le m\u00e9decin, en cours de validit\u00e9 au jour de la manifestation.<\/li>\n<li>Ou le PPS en cours de validit\u00e9<\/li>\n<li>Pour les <strong>courses enfants<\/strong>, le responsable l\u00e9gal doit donner son autorisation \u00e0 la participation de son enfant. <a href=\"https:\/\/astronomic-run.fr\/wp-content\/uploads\/2024\/05\/AUTORISATION-PARENTALE.docx\" target=\"_blank\" rel=\"noopener\">Document \u00e0 t\u00e9l\u00e9charger ici <\/a>et \u00e0 fournir le jour de la course<\/li>\n<\/ul>\n\n\n<figure class=\"wp-block-image size-large is-resized\"><img loading=\"lazy\" decoding=\"async\" width=\"724\" height=\"1024\" src=\"https:\/\/astronomic-run.fr\/wp-content\/uploads\/2024\/05\/Parcours-de-Prevention-Sante-1-pdf-724x1024.jpg\" alt=\"\" class=\"wp-image-14524\" style=\"width:301px;height:auto\"\/><\/figure>\n","protected":false},"excerpt":{"rendered":"<p>Les inscriptions se font en ligne jusqu&rsquo;au 11 septembre 2025 : https:\/\/ledossard.com\/inscription\/index.php?id=2999 Le nombre de places est limit\u00e9 : ne [&hellip;]<\/p>\n","protected":false},"author":1,"featured_media":0,"parent":0,"menu_order":0,"comment_status":"closed","ping_status":"closed","template":"","meta":{"footnotes":""},"class_list":["post-116","page","type-page","status-publish","hentry"],"_links":{"self":[{"href":"https:\/\/astronomic-run.fr\/index.php\/wp-json\/wp\/v2\/pages\/116","targetHints":{"allow":["GET"]}}],"collection":[{"href":"https:\/\/astronomic-run.fr\/index.php\/wp-json\/wp\/v2\/pages"}],"about":[{"href":"https:\/\/astronomic-run.fr\/index.php\/wp-json\/wp\/v2\/types\/page"}],"author":[{"embeddable":true,"href":"https:\/\/astronomic-run.fr\/index.php\/wp-json\/wp\/v2\/users\/1"}],"replies":[{"embeddable":true,"href":"https:\/\/astronomic-run.fr\/index.php\/wp-json\/wp\/v2\/comments?post=116"}],"version-history":[{"count":39,"href":"https:\/\/astronomic-run.fr\/index.php\/wp-json\/wp\/v2\/pages\/116\/revisions"}],"predecessor-version":[{"id":15544,"href":"https:\/\/astronomic-run.fr\/index.php\/wp-json\/wp\/v2\/pages\/116\/revisions\/15544"}],"wp:attachment":[{"href":"https:\/\/astronomic-run.fr\/index.php\/wp-json\/wp\/v2\/media?parent=116"}],"curies":[{"name":"wp","href":"https:\/\/api.w.org\/{rel}","templated":true}]}}