{"id":11929,"date":"2022-09-23T11:29:35","date_gmt":"2022-09-23T09:29:35","guid":{"rendered":"https:\/\/astronomic-run.fr\/?page_id=11929"},"modified":"2022-09-23T11:31:52","modified_gmt":"2022-09-23T09:31:52","slug":"presentation-2022","status":"publish","type":"page","link":"https:\/\/astronomic-run.fr\/index.php\/presentation-2022\/","title":{"rendered":"Pr\u00e9sentation 2022"},"content":{"rendered":"\n<div class=\"wp-block-group\"><div class=\"wp-block-group__inner-container is-layout-flow wp-block-group-is-layout-flow\">\n<p>L&rsquo;association<a rel=\"noreferrer noopener\" data-bcup-haslogintext=\"no\" href=\"http:\/\/www.mairie-beine-nauroy.fr\/index.php\/asso-menu\/beine-culture-sports\" target=\"_blank\"> <\/a><a rel=\"noreferrer noopener\" data-bcup-haslogintext=\"no\" href=\"https:\/\/beine-culture-sports.fr\" data-type=\"URL\" data-id=\"https:\/\/beine-culture-sports.fr\" target=\"_blank\">Beine Culture et Sports<\/a> propose de vous retrouver le <strong>10 septembre 2022<\/strong> pour la <em>cinqui\u00e8me \u00e9dition de l&rsquo;Astronomic Run.<\/em><\/p>\n\n\n\n<p class=\"has-luminous-vivid-orange-color has-text-color has-medium-font-size\"><\/p>\n\n\n\n<div class=\"content_countdown\" id=\"main_countedown_1\"><div class=\"countdown\">\n\t\t\t\t<span class=\"element_conteiner\"><span  class=\"days time_left\">-1329<\/span><span class=\"time_description\">Jours<\/span><\/span>\n\t\t\t\t<span class=\"element_conteiner\"><span  class=\"hourse time_left\">-23<\/span><span class=\"time_description\">Heures<\/span><\/span>\n\t\t\t\t<span class=\"element_conteiner\"><span  class=\"minutes time_left\">-34<\/span><span class=\"time_description\">Minutes<\/span><\/span>\n\t\t\t\t<span class=\"element_conteiner\"><span  class=\"secondes time_left\">-2<\/span><span class=\"time_description\">Secondes<\/span><\/span>\n\t\t\t<\/div><\/div><script>\n        document.addEventListener('DOMContentLoaded', function(event) {\t\t\twpdevart_countdown_animated_element('','main_countedown_1'); jQuery(window).scroll(function(){wpdevart_countdown_animated_element('','main_countedown_1');});\n\t\t\tjQuery('#main_countedown_1 .countdown').html('')\n\t\t});\n\t\t<\/script><style>#main_countedown_1 .countdown{text-align:center;}#main_countedown_1 .countdown{margin-top:10px;margin-bottom:10px}#main_countedown_1 .time_left{\r\nborder-radius:8px;\r\nbackground-color:#3DA8CC;\r\nfont-size:30px;\r\nfont-family:monospace;\r\ncolor:#000000;\r\n}\r\n#main_countedown_1 .time_description{\r\nfont-size:22px;\r\nfont-family:monospace;\r\ncolor:#000000;\r\n}\r\n#main_countedown_1 .element_conteiner{min-width:105px}<\/style>\n\n\n\n<p><\/p>\n\n\n\n<p><img loading=\"lazy\" decoding=\"async\" width=\"180\" height=\"99\" class=\"alignleft wp-image-10828\" style=\"width: 180px;\" src=\"https:\/\/astronomic-run.fr\/wp-content\/uploads\/2021\/07\/LogoBeineNauroy.jpg\" alt=\"\" srcset=\"https:\/\/astronomic-run.fr\/wp-content\/uploads\/2021\/07\/LogoBeineNauroy.jpg 362w, https:\/\/astronomic-run.fr\/wp-content\/uploads\/2021\/07\/LogoBeineNauroy-300x166.jpg 300w\" sizes=\"auto, (max-width: 180px) 100vw, 180px\" \/>Situ\u00e9e \u00e0 15 minutes de Reims, l\u2019<strong>Astronomic Run<\/strong> est une course \u00e0 pied conviviale et solidaire, au c\u0153ur du village et \u00e0 proximit\u00e9 de son observatoire astronomique.<\/p>\n\n\n\n<p><\/p>\n\n\n\n<p>Les parcours explorent les rues du village et des chemins ruraux dans une ambiance de corrida. La course a lieu le samedi soir sur 10 km.<\/p>\n\n\n\n<p>Apr\u00e8s Roseau en 2018, la fondation ARSEP (Aide \u00e0 la Recherche sur la Scl\u00e9rose En Plaques) en 2019, nous avons soutenu l&rsquo;association \u00ab\u00a0Vaincre la Mucoviscidose\u00a0\u00bb en 2020 et \u00ab\u00a0l&rsquo;Association Petits Princes\u00a0\u00bb en 2021.<\/p>\n\n\n\n<p>Cette ann\u00e9e, c&rsquo;est \u00ab\u00a0Petit C\u0153ur de Beurre\u00a0\u00bb qui sera mise \u00e0 l&rsquo;honneur.<\/p>\n\n\n\n<h2 class=\"wp-block-heading\"><\/h2>\n\n\n\n<h2>Association Petit C\u0153ur de Beurre<\/h2>\n<p><a href=\"https:\/\/astronomic-run.fr\/wp-content\/uploads\/2022\/04\/petits-coeurs-beurre.jpg\"><img loading=\"lazy\" decoding=\"async\" class=\" wp-image-11712 alignright\" src=\"https:\/\/astronomic-run.fr\/wp-content\/uploads\/2022\/04\/petits-coeurs-beurre-150x150.jpg\" alt=\"\" width=\"179\" height=\"179\" srcset=\"https:\/\/astronomic-run.fr\/wp-content\/uploads\/2022\/04\/petits-coeurs-beurre-150x150.jpg 150w, https:\/\/astronomic-run.fr\/wp-content\/uploads\/2022\/04\/petits-coeurs-beurre-300x300.jpg 300w, https:\/\/astronomic-run.fr\/wp-content\/uploads\/2022\/04\/petits-coeurs-beurre.jpg 523w\" sizes=\"auto, (max-width: 179px) 100vw, 179px\" \/><\/a><\/p>\n<div>Cette association a vu le jour en 2014 gr\u00e2ce \u00e0 des parents soucieux de faire plus pour leur enfant et de prendre la cause de la cardiopathie \u00e0 bras-le-corps.<\/div>\n<div>&nbsp;<\/div>\n<div>Ses missions :<\/div>\n<ul>\n<li>La qualit\u00e9 de vie du patient<\/li>\n<li>Soutenir les patients et leurs familles<\/li>\n<li>Soutenir les structures hospitali\u00e8res<\/li>\n<li>Soutenir la recherche m\u00e9dicale<\/li>\n<\/ul>\n<h2 id=\"block-548c0df0-4952-4b77-a240-d71afbfd26dd\" class=\"block-editor-rich-text__editable block-editor-block-list__block wp-block is-selected is-hovered rich-text\" tabindex=\"0\" role=\"group\" aria-multiline=\"true\" aria-label=\"Bloc&nbsp;: Titre\" data-block=\"548c0df0-4952-4b77-a240-d71afbfd26dd\" data-type=\"core\/heading\" data-title=\"Titre\" contenteditable=\"true\">Beine Culture et Sports<\/h2>\n<p><a href=\"https:\/\/astronomic-run.fr\/wp-content\/uploads\/2018\/06\/cropped-logo_bcs_vecto_final_72dpi1-2.png\" data-bcup-haslogintext=\"no\"><img loading=\"lazy\" decoding=\"async\" class=\"alignleft wp-image-85 size-thumbnail\" src=\"https:\/\/astronomic-run.fr\/wp-content\/uploads\/2018\/06\/cropped-logo_bcs_vecto_final_72dpi1-2-150x150.png\" alt=\"\" width=\"150\" height=\"115\" srcset=\"https:\/\/astronomic-run.fr\/wp-content\/uploads\/2018\/06\/cropped-logo_bcs_vecto_final_72dpi1-2-300x229.png 300w, https:\/\/astronomic-run.fr\/wp-content\/uploads\/2018\/06\/cropped-logo_bcs_vecto_final_72dpi1-2.png 450w\" sizes=\"auto, (max-width: 150px) 100vw, 150px\" \/><\/a><\/p>\n\n\n\n<p>Cr\u00e9\u00e9e en 2016, BCS est une association loi 1901. Elle repose sur l\u2019initiative d&rsquo;un groupe d&rsquo;habitants motiv\u00e9s par les valeurs du b\u00e9n\u00e9volat. Elle propose des activit\u00e9s, des manifestations \u00e0 caract\u00e8re culturel, festif ou sportif qui contribuent \u00e0 l&rsquo;animation du village et \u00e0 la dynamique associative.<\/p>\n\n\n\n<p>Vous pouvez aussi nous suivre sur <a rel=\"noreferrer noopener\" href=\"https:\/\/www.facebook.com\/events\/469748683649551\/\" target=\"_blank\">Facebook<\/a>.<\/p>\n\n\n\n<p><\/p>\n\n\n\n<h2 class=\"wp-block-heading\"><\/h2>\n\n\n\n<p><\/p>\n\n\n\n<p><em>ASTRONOMIC RUN est une marque reconnue par l&rsquo;INPI N\u00b04491088<\/em><\/p>\n<\/div><\/div>\n","protected":false},"excerpt":{"rendered":"<p>L&rsquo;association Beine Culture et Sports propose de vous retrouver le 10 septembre 2022 pour la cinqui\u00e8me \u00e9dition de l&rsquo;Astronomic Run. [&hellip;]<\/p>\n","protected":false},"author":1,"featured_media":0,"parent":0,"menu_order":0,"comment_status":"closed","ping_status":"closed","template":"","meta":{"footnotes":""},"class_list":["post-11929","page","type-page","status-publish","hentry"],"_links":{"self":[{"href":"https:\/\/astronomic-run.fr\/index.php\/wp-json\/wp\/v2\/pages\/11929","targetHints":{"allow":["GET"]}}],"collection":[{"href":"https:\/\/astronomic-run.fr\/index.php\/wp-json\/wp\/v2\/pages"}],"about":[{"href":"https:\/\/astronomic-run.fr\/index.php\/wp-json\/wp\/v2\/types\/page"}],"author":[{"embeddable":true,"href":"https:\/\/astronomic-run.fr\/index.php\/wp-json\/wp\/v2\/users\/1"}],"replies":[{"embeddable":true,"href":"https:\/\/astronomic-run.fr\/index.php\/wp-json\/wp\/v2\/comments?post=11929"}],"version-history":[{"count":3,"href":"https:\/\/astronomic-run.fr\/index.php\/wp-json\/wp\/v2\/pages\/11929\/revisions"}],"predecessor-version":[{"id":11932,"href":"https:\/\/astronomic-run.fr\/index.php\/wp-json\/wp\/v2\/pages\/11929\/revisions\/11932"}],"wp:attachment":[{"href":"https:\/\/astronomic-run.fr\/index.php\/wp-json\/wp\/v2\/media?parent=11929"}],"curies":[{"name":"wp","href":"https:\/\/api.w.org\/{rel}","templated":true}]}}