{"id":15,"date":"2018-06-02T22:44:59","date_gmt":"2018-06-02T20:44:59","guid":{"rendered":"https:\/\/astronomic-run.fr\/?page_id=15"},"modified":"2019-05-08T23:03:39","modified_gmt":"2019-05-08T21:03:39","slug":"la-corrida","status":"publish","type":"page","link":"https:\/\/astronomic-run.fr\/index.php\/la-corrida\/","title":{"rendered":"Les courses"},"content":{"rendered":"<p>Situ\u00e9e \u00e0 15 minutes de Reims, l\u2019<strong>astronomic run<\/strong> est une course \u00e0 pied conviviale et solidaire, au c\u0153ur du village et \u00e0 proximit\u00e9 de son observatoire astronomique.<\/p>\n","protected":false},"excerpt":{"rendered":"<p>Situ\u00e9e \u00e0 15 minutes de Reims, l\u2019astronomic run est une course \u00e0 pied conviviale et solidaire, au c\u0153ur du village [&hellip;]<\/p>\n","protected":false},"author":1,"featured_media":0,"parent":0,"menu_order":0,"comment_status":"closed","ping_status":"closed","template":"","meta":{"footnotes":""},"class_list":["post-15","page","type-page","status-publish","hentry"],"_links":{"self":[{"href":"https:\/\/astronomic-run.fr\/index.php\/wp-json\/wp\/v2\/pages\/15","targetHints":{"allow":["GET"]}}],"collection":[{"href":"https:\/\/astronomic-run.fr\/index.php\/wp-json\/wp\/v2\/pages"}],"about":[{"href":"https:\/\/astronomic-run.fr\/index.php\/wp-json\/wp\/v2\/types\/page"}],"author":[{"embeddable":true,"href":"https:\/\/astronomic-run.fr\/index.php\/wp-json\/wp\/v2\/users\/1"}],"replies":[{"embeddable":true,"href":"https:\/\/astronomic-run.fr\/index.php\/wp-json\/wp\/v2\/comments?post=15"}],"version-history":[{"count":6,"href":"https:\/\/astronomic-run.fr\/index.php\/wp-json\/wp\/v2\/pages\/15\/revisions"}],"predecessor-version":[{"id":3814,"href":"https:\/\/astronomic-run.fr\/index.php\/wp-json\/wp\/v2\/pages\/15\/revisions\/3814"}],"wp:attachment":[{"href":"https:\/\/astronomic-run.fr\/index.php\/wp-json\/wp\/v2\/media?parent=15"}],"curies":[{"name":"wp","href":"https:\/\/api.w.org\/{rel}","templated":true}]}}