{"id":15545,"date":"2025-05-28T22:57:06","date_gmt":"2025-05-28T20:57:06","guid":{"rendered":"https:\/\/astronomic-run.fr\/?page_id=15545"},"modified":"2025-05-28T22:57:06","modified_gmt":"2025-05-28T20:57:06","slug":"infos-pratiques-2025","status":"publish","type":"page","link":"https:\/\/astronomic-run.fr\/index.php\/infos-pratiques-2025\/","title":{"rendered":"Infos pratiques 2025"},"content":{"rendered":"\n<h3 class=\"wp-block-heading\">Date<\/h3>\n\n\n\n<p>Samedi 13 septembre 2025<\/p>\n\n\n\n<h3 class=\"wp-block-heading\">Les courses<\/h3>\n\n\n\n<p>Course de 10 km : pour tout(e) participant(e) de 16 ans et plus<br>Course de 1,2 km : pour tout(e) participant(e) de 10 ans \u00e0 11 ans<br>Course de 2,4 km : pour tout(e) participant(e) de 12 ans \u00e0 15 ans<br>Course de 6 min : pour tout(e) participant(e) de 7 ans \u00e0 9 ans<\/p>\n\n\n\n<h3 class=\"wp-block-heading\">Horaires de d\u00e9part<\/h3>\n\n\n\n<p>18h00 : Course de 8 minutes (Eveil Athl\u00e9tique)<br clear=\"none\">18h15 : Course de 1,2 km (1 boucle)- U12<br clear=\"none\">18h30 : Course de 2,4 km (2 boucles) &#8211; U14\/U16<br clear=\"none\">19h00 : Course de 10 km <br clear=\"none\">20h30 : remise des r\u00e9compenses<\/p>\n\n\n\n<h3 class=\"wp-block-heading\">Lieu de d\u00e9part et d&rsquo;arriv\u00e9e<\/h3>\n\n\n\n<p>Ecole \u00c9l\u00e9mentaire : <a href=\"https:\/\/goo.gl\/maps\/u9yFp64PGcF2\" target=\"_blank\" rel=\"noopener noreferrer\" data-bcup-haslogintext=\"no\">Rue Saint-R\u00e9my, 51490 Beine-Nauroy<\/a><\/p>\n\n\n\n<h3 class=\"wp-block-heading\">Retrait des dossards<\/h3>\n\n\n\n<p><strong>Vendredi 12 septembre :<\/strong><br> A Beine-Nauroy (salle polyvalente &#8211; rue de Prunay) de 17h \u00e0 20h<\/p>\n\n\n\n<p><strong>Samedi 13 septembre :<\/strong><br> Beine-Nauroy (salle polyvalente &#8211; rue de Prunay) de 15h \u00e0 18h<\/p>\n\n\n\n<p><\/p>\n\n\n\n<h3 class=\"wp-block-heading\">R\u00e9compenses<\/h3>\n\n\n\n<p>Une r\u00e9compense sera remise aux cinq premiers scratchs hommes et femmes.<br clear=\"none\">Seuls les concurrents pr\u00e9sents \u00e0 la remise des prix pourront pr\u00e9tendre aux r\u00e9compenses.<br clear=\"none\">Tous les enfants participants seront r\u00e9compens\u00e9s.<\/p>\n\n\n\n<h3 class=\"wp-block-heading\">Ravitaillements<\/h3>\n\n\n\n<p>A l&rsquo;arriv\u00e9e de chaque course.<\/p>\n\n\n\n<h3 class=\"wp-block-heading\">Inscriptions<\/h3>\n\n\n\n<p>Par Internet sur <a data-bcup-haslogintext=\"no\" href=\"https:\/\/astronomic-run.fr\/index.php\/sinscrire\/\" rel=\"noopener noreferrer\">ledossard.com<\/a><\/p>\n\n\n\n<h3 class=\"wp-block-heading\">Tarif<\/h3>\n\n\n\n<p>13 \u20ac pour la course adultes 10 km (jusqu&rsquo;au 1er septembre, puis 16 \u20ac jusqu&rsquo;au 11 septembre)<br>gratuit pour les courses enfants<\/p>\n\n\n\n<h3 class=\"wp-block-heading\">Organisateur<\/h3>\n\n\n\n<p><a href=\"https:\/\/beine-nauroy.fr\/associations\/bcs\/\" target=\"_blank\" rel=\"noreferrer noopener nofollow\">Association Beine Culture et Sports<\/a><\/p>\n\n\n\n<h3 class=\"wp-block-heading\">Parking<\/h3>\n\n\n\n<p>A l&rsquo;entr\u00e9e du village (rue de Reims)<br>Les rues du circuit seront bloqu\u00e9es \u00e0 la circulation \u00e0 partir de 17h30. D\u00e9viation possible par la rue du Ch\u00e2teau et Rue de la Maladrie.<\/p>\n\n\n\n<h3 class=\"wp-block-heading\">Logistique<\/h3>\n\n\n\n<p>Vestiaires et douches \u00e0 la salle polyvalente du village : <a href=\"https:\/\/goo.gl\/maps\/cuj7zyEhWbS2\" target=\"_blank\" rel=\"noopener noreferrer\" data-bcup-haslogintext=\"no\">rue de Prunay<\/a><\/p>\n\n\n\n<p>Restauration et buvette sur place (ch\u00e8que, Carte Bancaire et esp\u00e8ces accept\u00e9s)<\/p>\n\n\n\n<p><iframe loading=\"lazy\" src=\"https:\/\/www.google.com\/maps\/embed?pb=!1m18!1m12!1m3!1d6376.206017377114!2d4.2088515524858!3d49.2471075166451!2m3!1f0!2f0!3f0!3m2!1i1024!2i768!4f13.1!3m3!1m2!1s0x47e9790089137afb%3A0x27a978b991b22b96!2sSalle+polyvalente!5e0!3m2!1sfr!2sfr!4v1529528005746\" allowfullscreen=\"allowfullscreen\" data-mce-fragment=\"1\" width=\"600\" height=\"450\" frameborder=\"0\"><\/iframe><\/p>\n","protected":false},"excerpt":{"rendered":"<p>Date Samedi 13 septembre 2025 Les courses Course de 10 km : pour tout(e) participant(e) de 16 ans et plusCourse [&hellip;]<\/p>\n","protected":false},"author":1,"featured_media":0,"parent":0,"menu_order":0,"comment_status":"closed","ping_status":"closed","template":"","meta":{"footnotes":""},"class_list":["post-15545","page","type-page","status-publish","hentry"],"_links":{"self":[{"href":"https:\/\/astronomic-run.fr\/index.php\/wp-json\/wp\/v2\/pages\/15545","targetHints":{"allow":["GET"]}}],"collection":[{"href":"https:\/\/astronomic-run.fr\/index.php\/wp-json\/wp\/v2\/pages"}],"about":[{"href":"https:\/\/astronomic-run.fr\/index.php\/wp-json\/wp\/v2\/types\/page"}],"author":[{"embeddable":true,"href":"https:\/\/astronomic-run.fr\/index.php\/wp-json\/wp\/v2\/users\/1"}],"replies":[{"embeddable":true,"href":"https:\/\/astronomic-run.fr\/index.php\/wp-json\/wp\/v2\/comments?post=15545"}],"version-history":[{"count":2,"href":"https:\/\/astronomic-run.fr\/index.php\/wp-json\/wp\/v2\/pages\/15545\/revisions"}],"predecessor-version":[{"id":15547,"href":"https:\/\/astronomic-run.fr\/index.php\/wp-json\/wp\/v2\/pages\/15545\/revisions\/15547"}],"wp:attachment":[{"href":"https:\/\/astronomic-run.fr\/index.php\/wp-json\/wp\/v2\/media?parent=15545"}],"curies":[{"name":"wp","href":"https:\/\/api.w.org\/{rel}","templated":true}]}}