{"id":17,"date":"2018-06-02T22:44:59","date_gmt":"2018-06-02T20:44:59","guid":{"rendered":"https:\/\/astronomic-run.fr\/?page_id=17"},"modified":"2026-03-17T20:27:59","modified_gmt":"2026-03-17T19:27:59","slug":"presentation","status":"publish","type":"page","link":"https:\/\/astronomic-run.fr\/","title":{"rendered":"Pr\u00e9sentation"},"content":{"rendered":"\n<div class=\"wp-block-group\"><div class=\"wp-block-group__inner-container is-layout-flow wp-block-group-is-layout-flow\">\n<div class=\"wp-block-group\"><div class=\"wp-block-group__inner-container is-layout-constrained wp-block-group-is-layout-constrained\">\n<p>L&rsquo;association <a data-bcup-haslogintext=\"no\" href=\"https:\/\/beine-culture-sports.fr\" data-type=\"URL\" data-id=\"https:\/\/beine-culture-sports.fr\" target=\"_blank\" rel=\"noreferrer noopener\">Beine Culture et Sports<\/a> vous donne rendez-vous le <strong>12 septembre 2026<\/strong> pour la <em>neuvi\u00e8me \u00e9dition de l&rsquo;Astronomic Run.<\/em><\/p>\n\n\n\n<div><code><iframe loading=\"lazy\" src=\"https:\/\/astronomic-run.fr\/wp-content\/uploads\/2024\/07\/ASTRONOMIC-RUN-2024-YT2.mp4\" title=\"Teaser 2024\" allow=\"accelerometer; autoplay; clipboard-write; encrypted-media; gyroscope; picture-in-picture; web-share\" allowfullscreen=\"\" width=\"560\" height=\"315\" frameborder=\"0\"><\/iframe><\/code><\/div>\n<\/div><\/div>\n<\/div><\/div>\n\n\n\n<br\/>\n\n\n\n<div class=\"wp-block-group\"><div class=\"wp-block-group__inner-container is-layout-flow wp-block-group-is-layout-flow\">\n<p class=\"has-luminous-vivid-blue-color has-text-color has-medium-font-size has-luminous-vivid-orange-color\">Rendez-vous dans : <\/p>\n\n\n\n<div class=\"content_countdown\" id=\"main_countedown_1\"><div class=\"countdown\">\r\n\t\t\t\t<span class=\"element_conteiner\"><span  class=\"days time_left\">148<\/span><span class=\"time_description\">Jours<\/span><\/span>\r\n\t\t\t\t<span class=\"element_conteiner\"><span  class=\"hourse time_left\">12<\/span><span class=\"time_description\">Heures<\/span><\/span>\r\n\t\t\t\t<span class=\"element_conteiner\"><span  class=\"minutes time_left\">04<\/span><span class=\"time_description\">Minutes<\/span><\/span>\r\n\t\t\t\t<span class=\"element_conteiner\"><span  class=\"secondes time_left\">44<\/span><span class=\"time_description\">Secondes<\/span><\/span>\r\n\t\t\t<\/div><\/div><script>\r\n        document.addEventListener('DOMContentLoaded', function(event) {\r\n\t\t\tsetInterval(function(){countdown_wpdevart_timer('main_countedown_1');},1000);\r\n\t\t});<\/script><style>#main_countedown_1 .countdown{text-align:center;}#main_countedown_1 .countdown{margin-top:10px;margin-bottom:10px}#main_countedown_1 .time_left{\r\nborder-radius:8px;\r\nbackground-color:#3DA8CC;\r\nfont-size:23px;\r\nfont-family:monospace;\r\ncolor:#000000;\r\n}\r\n#main_countedown_1 .time_description{\r\nfont-size:23px;\r\nfont-family:monospace;\r\ncolor:#000000;\r\n}\r\n#main_countedown_1 .element_conteiner{min-width:90px}<\/style>\n\n\n\n<p><img loading=\"lazy\" decoding=\"async\" width=\"180\" height=\"99\" class=\"alignleft wp-image-10828\" style=\"width: 180px;\" src=\"https:\/\/astronomic-run.fr\/wp-content\/uploads\/2021\/07\/LogoBeineNauroy.jpg\" alt=\"\" srcset=\"https:\/\/astronomic-run.fr\/wp-content\/uploads\/2021\/07\/LogoBeineNauroy.jpg 362w, https:\/\/astronomic-run.fr\/wp-content\/uploads\/2021\/07\/LogoBeineNauroy-300x166.jpg 300w\" sizes=\"auto, (max-width: 180px) 100vw, 180px\" \/>Situ\u00e9e \u00e0 15 minutes de Reims, l\u2019<strong>Astronomic Run<\/strong> est une course \u00e0 pied conviviale et solidaire, au c\u0153ur du village et \u00e0 proximit\u00e9 de son observatoire astronomique.<\/p>\n\n\n\n<p><\/p>\n\n\n\n<p>Les parcours explorent les rues du village et des chemins ruraux dans une ambiance de corrida. La course a lieu le samedi soir sur 10 km.<\/p>\n\n\n\n<h2 class=\"wp-block-heading\">Une course solidaire<\/h2>\n\n\n\n<p>Nous avons \u00e0 c\u0153ur d&rsquo;aider une association caritative : Apr\u00e8s la fondation ARSEP (Aide \u00e0 la Recherche sur la Scl\u00e9rose En Plaques) en 2019, nous avons soutenu \u00ab\u00a0Vaincre la Mucoviscidose\u00a0\u00bb en 2020 , \u00ab\u00a0l&rsquo;Association Petits Princes\u00a0\u00bb en 2021, \u00ab\u00a0Petit C\u0153ur de Beurre\u00a0\u00bb en 2022. Pour la premi\u00e8re \u00e9dition de 2018 et en 2023, c&rsquo;\u00e9tait Roseau qui \u00e9tait \u00e0 l&rsquo;honneur. En 2024, la course \u00e9tait au profit du <a href=\"https:\/\/www.centre-ressource-reims.org\/\" target=\"_blank\" rel=\"noopener\">Centre Ressource de Reims<\/a>.<\/p>\n<p><a href=\"https:\/\/astronomic-run.fr\/wp-content\/uploads\/2025\/06\/logo-association-cassandra.png\"><img loading=\"lazy\" decoding=\"async\" class=\"size-medium wp-image-15551 alignleft\" src=\"https:\/\/astronomic-run.fr\/wp-content\/uploads\/2025\/06\/logo-association-cassandra-300x97.png\" alt=\"\" width=\"320\" height=\"103\" srcset=\"https:\/\/astronomic-run.fr\/wp-content\/uploads\/2025\/06\/logo-association-cassandra-300x97.png 300w, https:\/\/astronomic-run.fr\/wp-content\/uploads\/2025\/06\/logo-association-cassandra-1024x331.png 1024w, https:\/\/astronomic-run.fr\/wp-content\/uploads\/2025\/06\/logo-association-cassandra-768x248.png 768w, https:\/\/astronomic-run.fr\/wp-content\/uploads\/2025\/06\/logo-association-cassandra-1536x496.png 1536w, https:\/\/astronomic-run.fr\/wp-content\/uploads\/2025\/06\/logo-association-cassandra-2048x661.png 2048w\" sizes=\"auto, (max-width: 320px) 100vw, 320px\" \/><\/a><\/p>\n<p>En 2025, nous avons soutenu l&rsquo;association <strong>Cassandra<\/strong> qui est engag\u00e9e dans la lutte contre les cancers p\u00e9diatriques en finan\u00e7ant la recherche d\u00e9di\u00e9e aux cancers infantiles. Elle soutient \u00e9galement les familles d\u2019enfants atteints de ces maladies.<\/p>\n<p>4\u20ac par dossard seront revers\u00e9s \u00e0 l&rsquo;association.<br \/>Plus d&rsquo;informations sur leur site Internet :\u00a0<a href=\"https:\/\/www.associationcassandra.org\/\" target=\"_blank\" rel=\"noopener\">https:\/\/www.associationcassandra.org\/<\/a><\/p>\n<h2>Beine Culture et Sports<\/h2>\n<p><a href=\"https:\/\/astronomic-run.fr\/wp-content\/uploads\/2018\/06\/cropped-logo_bcs_vecto_final_72dpi1-2.png\" data-bcup-haslogintext=\"no\"><img loading=\"lazy\" decoding=\"async\" class=\"alignleft wp-image-85 size-thumbnail\" src=\"https:\/\/astronomic-run.fr\/wp-content\/uploads\/2018\/06\/cropped-logo_bcs_vecto_final_72dpi1-2-150x150.png\" alt=\"\" width=\"150\" height=\"115\" srcset=\"https:\/\/astronomic-run.fr\/wp-content\/uploads\/2018\/06\/cropped-logo_bcs_vecto_final_72dpi1-2-300x229.png 300w, https:\/\/astronomic-run.fr\/wp-content\/uploads\/2018\/06\/cropped-logo_bcs_vecto_final_72dpi1-2.png 450w\" sizes=\"auto, (max-width: 150px) 100vw, 150px\" \/><\/a><\/p>\n\n\n\n<p>Cr\u00e9\u00e9e en 2016, BCS est une association loi 1901. Elle repose sur l\u2019initiative d&rsquo;un groupe d&rsquo;habitants motiv\u00e9s par les valeurs du b\u00e9n\u00e9volat. Elle propose des activit\u00e9s, des manifestations \u00e0 caract\u00e8re culturel, festif ou sportif qui contribuent \u00e0 l&rsquo;animation du village et \u00e0 la dynamique associative.<\/p>\n\n\n\n<p>Vous pouvez aussi nous suivre sur <a href=\"https:\/\/www.facebook.com\/astronomicrunofficiel\" target=\"_blank\" rel=\"noreferrer noopener\">Facebook<\/a>.<\/p>\n\n\n\n<p><\/p>\n\n\n\n<h2 class=\"wp-block-heading\"><\/h2>\n\n\n\n<p><\/p>\n\n\n\n<p><em>ASTRONOMIC RUN est une marque reconnue par l&rsquo;INPI N\u00b04491088<\/em><\/p>\n<\/div><\/div>\n","protected":false},"excerpt":{"rendered":"<p>L&rsquo;association Beine Culture et Sports vous donne rendez-vous le 12 septembre 2026 pour la neuvi\u00e8me \u00e9dition de l&rsquo;Astronomic Run. Rendez-vous [&hellip;]<\/p>\n","protected":false},"author":1,"featured_media":0,"parent":0,"menu_order":0,"comment_status":"closed","ping_status":"closed","template":"","meta":{"footnotes":""},"class_list":["post-17","page","type-page","status-publish","hentry"],"_links":{"self":[{"href":"https:\/\/astronomic-run.fr\/index.php\/wp-json\/wp\/v2\/pages\/17","targetHints":{"allow":["GET"]}}],"collection":[{"href":"https:\/\/astronomic-run.fr\/index.php\/wp-json\/wp\/v2\/pages"}],"about":[{"href":"https:\/\/astronomic-run.fr\/index.php\/wp-json\/wp\/v2\/types\/page"}],"author":[{"embeddable":true,"href":"https:\/\/astronomic-run.fr\/index.php\/wp-json\/wp\/v2\/users\/1"}],"replies":[{"embeddable":true,"href":"https:\/\/astronomic-run.fr\/index.php\/wp-json\/wp\/v2\/comments?post=17"}],"version-history":[{"count":104,"href":"https:\/\/astronomic-run.fr\/index.php\/wp-json\/wp\/v2\/pages\/17\/revisions"}],"predecessor-version":[{"id":16278,"href":"https:\/\/astronomic-run.fr\/index.php\/wp-json\/wp\/v2\/pages\/17\/revisions\/16278"}],"wp:attachment":[{"href":"https:\/\/astronomic-run.fr\/index.php\/wp-json\/wp\/v2\/media?parent=17"}],"curies":[{"name":"wp","href":"https:\/\/api.w.org\/{rel}","templated":true}]}}