{"id":19,"date":"2018-06-02T22:44:59","date_gmt":"2018-06-02T20:44:59","guid":{"rendered":"https:\/\/astronomic-run.fr\/?page_id=19"},"modified":"2025-09-10T10:56:44","modified_gmt":"2025-09-10T08:56:44","slug":"les-partenaires","status":"publish","type":"page","link":"https:\/\/astronomic-run.fr\/index.php\/les-partenaires\/","title":{"rendered":"Nos partenaires"},"content":{"rendered":"\n<figure class=\"wp-block-image size-full is-resized\"><img loading=\"lazy\" decoding=\"async\" width=\"598\" height=\"235\" src=\"https:\/\/astronomic-run.fr\/wp-content\/uploads\/2022\/05\/logo_eiffage.png\" alt=\"\" class=\"wp-image-11730\" style=\"width:347px;height:136px\" srcset=\"https:\/\/astronomic-run.fr\/wp-content\/uploads\/2022\/05\/logo_eiffage.png 598w, https:\/\/astronomic-run.fr\/wp-content\/uploads\/2022\/05\/logo_eiffage-300x118.png 300w\" sizes=\"auto, (max-width: 598px) 100vw, 598px\" \/><\/figure>\n\n\n<div id='gallery-1' class='gallery galleryid-19 gallery-columns-3 gallery-size-medium'><figure class='gallery-item'>\n\t\t\t<div class='gallery-icon landscape'>\n\t\t\t\t<a href='https:\/\/astronomic-run.fr\/wp-content\/uploads\/2025\/09\/logo-Impro-Apero-small.jpg'><img loading=\"lazy\" decoding=\"async\" width=\"300\" height=\"231\" src=\"https:\/\/astronomic-run.fr\/wp-content\/uploads\/2025\/09\/logo-Impro-Apero-small.jpg\" class=\"attachment-medium size-medium\" alt=\"\" \/><\/a>\n\t\t\t<\/div><\/figure><figure class='gallery-item'>\n\t\t\t<div class='gallery-icon landscape'>\n\t\t\t\t<a href='https:\/\/astronomic-run.fr\/wp-content\/uploads\/2024\/08\/ReimsPub-logo-e1724417164720.jpg'><img loading=\"lazy\" decoding=\"async\" width=\"200\" height=\"200\" src=\"https:\/\/astronomic-run.fr\/wp-content\/uploads\/2024\/08\/ReimsPub-logo-e1724417164720.jpg\" class=\"attachment-medium size-medium\" alt=\"\" \/><\/a>\n\t\t\t<\/div><\/figure><figure class='gallery-item'>\n\t\t\t<div class='gallery-icon landscape'>\n\t\t\t\t<a href='https:\/\/astronomic-run.fr\/wp-content\/uploads\/2024\/05\/Axa_logo.png'><img loading=\"lazy\" decoding=\"async\" width=\"248\" height=\"139\" src=\"https:\/\/astronomic-run.fr\/wp-content\/uploads\/2024\/05\/Axa_logo.png\" class=\"attachment-medium size-medium\" alt=\"\" \/><\/a>\n\t\t\t<\/div><\/figure><figure class='gallery-item'>\n\t\t\t<div class='gallery-icon landscape'>\n\t\t\t\t<a href='https:\/\/astronomic-run.fr\/wp-content\/uploads\/2022\/05\/veolia.png'><img loading=\"lazy\" decoding=\"async\" width=\"300\" height=\"157\" src=\"https:\/\/astronomic-run.fr\/wp-content\/uploads\/2022\/05\/veolia-300x157.png\" class=\"attachment-medium size-medium\" alt=\"\" srcset=\"https:\/\/astronomic-run.fr\/wp-content\/uploads\/2022\/05\/veolia-300x157.png 300w, https:\/\/astronomic-run.fr\/wp-content\/uploads\/2022\/05\/veolia-768x403.png 768w, https:\/\/astronomic-run.fr\/wp-content\/uploads\/2022\/05\/veolia.png 1020w\" sizes=\"auto, (max-width: 300px) 100vw, 300px\" \/><\/a>\n\t\t\t<\/div><\/figure><figure class='gallery-item'>\n\t\t\t<div class='gallery-icon landscape'>\n\t\t\t\t<a href='https:\/\/astronomic-run.fr\/wp-content\/uploads\/2018\/06\/logo-le-dossard.png'><img loading=\"lazy\" decoding=\"async\" width=\"278\" height=\"152\" src=\"https:\/\/astronomic-run.fr\/wp-content\/uploads\/2018\/06\/logo-le-dossard.png\" class=\"attachment-medium size-medium\" alt=\"\" \/><\/a>\n\t\t\t<\/div><\/figure><figure class='gallery-item'>\n\t\t\t<div class='gallery-icon landscape'>\n\t\t\t\t<a href='https:\/\/astronomic-run.fr\/wp-content\/uploads\/2018\/06\/logo-grand-reims-1.png'><img loading=\"lazy\" decoding=\"async\" width=\"250\" height=\"158\" src=\"https:\/\/astronomic-run.fr\/wp-content\/uploads\/2018\/06\/logo-grand-reims-1.png\" class=\"attachment-medium size-medium\" alt=\"\" \/><\/a>\n\t\t\t<\/div><\/figure><figure class='gallery-item'>\n\t\t\t<div class='gallery-icon landscape'>\n\t\t\t\t<a href='https:\/\/astronomic-run.fr\/wp-content\/uploads\/2022\/05\/logo-couleur-HD-beema.png'><img loading=\"lazy\" decoding=\"async\" width=\"300\" height=\"88\" src=\"https:\/\/astronomic-run.fr\/wp-content\/uploads\/2022\/05\/logo-couleur-HD-beema-300x88.png\" class=\"attachment-medium size-medium\" alt=\"\" srcset=\"https:\/\/astronomic-run.fr\/wp-content\/uploads\/2022\/05\/logo-couleur-HD-beema-300x88.png 300w, https:\/\/astronomic-run.fr\/wp-content\/uploads\/2022\/05\/logo-couleur-HD-beema-1024x300.png 1024w, https:\/\/astronomic-run.fr\/wp-content\/uploads\/2022\/05\/logo-couleur-HD-beema-768x225.png 768w, https:\/\/astronomic-run.fr\/wp-content\/uploads\/2022\/05\/logo-couleur-HD-beema-1536x450.png 1536w, https:\/\/astronomic-run.fr\/wp-content\/uploads\/2022\/05\/logo-couleur-HD-beema.png 1920w\" sizes=\"auto, (max-width: 300px) 100vw, 300px\" \/><\/a>\n\t\t\t<\/div><\/figure><figure class='gallery-item'>\n\t\t\t<div class='gallery-icon landscape'>\n\t\t\t\t<a href='https:\/\/astronomic-run.fr\/wp-content\/uploads\/2022\/05\/Metalock-FR.jpg'><img loading=\"lazy\" decoding=\"async\" width=\"300\" height=\"107\" src=\"https:\/\/astronomic-run.fr\/wp-content\/uploads\/2022\/05\/Metalock-FR-300x107.jpg\" class=\"attachment-medium size-medium\" alt=\"\" srcset=\"https:\/\/astronomic-run.fr\/wp-content\/uploads\/2022\/05\/Metalock-FR-300x107.jpg 300w, https:\/\/astronomic-run.fr\/wp-content\/uploads\/2022\/05\/Metalock-FR-768x273.jpg 768w, https:\/\/astronomic-run.fr\/wp-content\/uploads\/2022\/05\/Metalock-FR.jpg 910w\" sizes=\"auto, (max-width: 300px) 100vw, 300px\" \/><\/a>\n\t\t\t<\/div><\/figure><figure class='gallery-item'>\n\t\t\t<div class='gallery-icon landscape'>\n\t\t\t\t<a href='https:\/\/astronomic-run.fr\/wp-content\/uploads\/2019\/08\/subway-1-e1566313195867.png'><img loading=\"lazy\" decoding=\"async\" width=\"300\" height=\"79\" src=\"https:\/\/astronomic-run.fr\/wp-content\/uploads\/2019\/08\/subway-1-300x79.png\" class=\"attachment-medium size-medium\" alt=\"\" srcset=\"https:\/\/astronomic-run.fr\/wp-content\/uploads\/2019\/08\/subway-1-300x79.png 300w, https:\/\/astronomic-run.fr\/wp-content\/uploads\/2019\/08\/subway-1-e1566313195867.png 342w\" sizes=\"auto, (max-width: 300px) 100vw, 300px\" \/><\/a>\n\t\t\t<\/div><\/figure><figure class='gallery-item'>\n\t\t\t<div class='gallery-icon landscape'>\n\t\t\t\t<a href='https:\/\/astronomic-run.fr\/wp-content\/uploads\/2021\/07\/LogoBeineNauroy.jpg'><img loading=\"lazy\" decoding=\"async\" width=\"300\" height=\"166\" src=\"https:\/\/astronomic-run.fr\/wp-content\/uploads\/2021\/07\/LogoBeineNauroy-300x166.jpg\" class=\"attachment-medium size-medium\" alt=\"\" srcset=\"https:\/\/astronomic-run.fr\/wp-content\/uploads\/2021\/07\/LogoBeineNauroy-300x166.jpg 300w, https:\/\/astronomic-run.fr\/wp-content\/uploads\/2021\/07\/LogoBeineNauroy.jpg 362w\" sizes=\"auto, (max-width: 300px) 100vw, 300px\" \/><\/a>\n\t\t\t<\/div><\/figure><figure class='gallery-item'>\n\t\t\t<div class='gallery-icon landscape'>\n\t\t\t\t<a href='https:\/\/astronomic-run.fr\/wp-content\/uploads\/2022\/05\/logo-Runnek.png'><img loading=\"lazy\" decoding=\"async\" width=\"300\" height=\"98\" src=\"https:\/\/astronomic-run.fr\/wp-content\/uploads\/2022\/05\/logo-Runnek-300x98.png\" class=\"attachment-medium size-medium\" alt=\"\" srcset=\"https:\/\/astronomic-run.fr\/wp-content\/uploads\/2022\/05\/logo-Runnek-300x98.png 300w, https:\/\/astronomic-run.fr\/wp-content\/uploads\/2022\/05\/logo-Runnek-768x251.png 768w, https:\/\/astronomic-run.fr\/wp-content\/uploads\/2022\/05\/logo-Runnek.png 990w\" sizes=\"auto, (max-width: 300px) 100vw, 300px\" \/><\/a>\n\t\t\t<\/div><\/figure><figure class='gallery-item'>\n\t\t\t<div class='gallery-icon landscape'>\n\t\t\t\t<a href='https:\/\/astronomic-run.fr\/wp-content\/uploads\/2023\/06\/LOGO-COLOR-2-.jpg'><img loading=\"lazy\" decoding=\"async\" width=\"300\" height=\"102\" src=\"https:\/\/astronomic-run.fr\/wp-content\/uploads\/2023\/06\/LOGO-COLOR-2-.jpg\" class=\"attachment-medium size-medium\" alt=\"\" \/><\/a>\n\t\t\t<\/div><\/figure><figure class='gallery-item'>\n\t\t\t<div class='gallery-icon landscape'>\n\t\t\t\t<a href='https:\/\/astronomic-run.fr\/wp-content\/uploads\/2023\/06\/LogoReimsUrbanNature-2.jpg'><img loading=\"lazy\" decoding=\"async\" width=\"300\" height=\"209\" src=\"https:\/\/astronomic-run.fr\/wp-content\/uploads\/2023\/06\/LogoReimsUrbanNature-2-300x209.jpg\" class=\"attachment-medium size-medium\" alt=\"\" srcset=\"https:\/\/astronomic-run.fr\/wp-content\/uploads\/2023\/06\/LogoReimsUrbanNature-2-300x209.jpg 300w, https:\/\/astronomic-run.fr\/wp-content\/uploads\/2023\/06\/LogoReimsUrbanNature-2.jpg 311w\" sizes=\"auto, (max-width: 300px) 100vw, 300px\" \/><\/a>\n\t\t\t<\/div><\/figure><figure class='gallery-item'>\n\t\t\t<div class='gallery-icon landscape'>\n\t\t\t\t<a href='https:\/\/astronomic-run.fr\/wp-content\/uploads\/2019\/06\/logo_lacervoiserie.png'><img loading=\"lazy\" decoding=\"async\" width=\"229\" height=\"221\" src=\"https:\/\/astronomic-run.fr\/wp-content\/uploads\/2019\/06\/logo_lacervoiserie.png\" class=\"attachment-medium size-medium\" alt=\"\" \/><\/a>\n\t\t\t<\/div><\/figure><figure class='gallery-item'>\n\t\t\t<div class='gallery-icon landscape'>\n\t\t\t\t<a href='https:\/\/astronomic-run.fr\/wp-content\/uploads\/2018\/06\/logo_running-3.gif'><img loading=\"lazy\" decoding=\"async\" width=\"242\" height=\"40\" src=\"https:\/\/astronomic-run.fr\/wp-content\/uploads\/2018\/06\/logo_running-3.gif\" class=\"attachment-medium size-medium\" alt=\"\" \/><\/a>\n\t\t\t<\/div><\/figure><figure class='gallery-item'>\n\t\t\t<div class='gallery-icon portrait'>\n\t\t\t\t<a href='https:\/\/astronomic-run.fr\/wp-content\/uploads\/2019\/06\/logo_montgolfieres_champenoises-e1560942677164.png'><img loading=\"lazy\" decoding=\"async\" width=\"154\" height=\"180\" src=\"https:\/\/astronomic-run.fr\/wp-content\/uploads\/2019\/06\/logo_montgolfieres_champenoises-e1560942677164.png\" class=\"attachment-medium size-medium\" alt=\"\" \/><\/a>\n\t\t\t<\/div><\/figure><figure class='gallery-item'>\n\t\t\t<div class='gallery-icon landscape'>\n\t\t\t\t<a href='https:\/\/astronomic-run.fr\/wp-content\/uploads\/2020\/07\/RVB_HyperU_ReimsVillage.jpg'><img loading=\"lazy\" decoding=\"async\" width=\"300\" height=\"139\" src=\"https:\/\/astronomic-run.fr\/wp-content\/uploads\/2020\/07\/RVB_HyperU_ReimsVillage.jpg\" class=\"attachment-medium size-medium\" alt=\"Logo Hyper U\" \/><\/a>\n\t\t\t<\/div><\/figure>\n\t\t<\/div>\n\n<h2>Rejoignez les partenaires de \u00ab\u00a0L\u2019ASTRONOMIC RUN\u00a0\u00bb<\/h2>\n<p>\u2022 Valoriser l\u2019engagement de votre entreprise ou de votre collectivit\u00e9 dans un \u00e9v\u00e8nement local<br \/>\u2022 Contribuer \u00e0 l\u2019animation sportive et sociale de notre territoire<br \/>\u2022 Associer votre entreprise aux valeurs du sport, de la solidarit\u00e9 et du b\u00e9n\u00e9volat<br \/>\u2022 Communiquer en interne aupr\u00e8s de vos collaborateurs pour les encourager \u00e0 participer \u00e0 l\u2019\u00e9v\u00e8nement<\/p>\n<h2>Pack First<\/h2>\n<p>Votre logo sur nos flyers + 1 support de communication (calicot, banderole, drapeau, flamme\u2026) fourni par vos soins + dossards offerts pour vos collaborateurs (5 max)<\/p>\n<h2>Pack Premium<\/h2>\n<p>Votre logo sur tous nos supports de communication (flyer, affiche, bulletin d\u2019inscription, r\u00e9seaux sociaux) + 3 supports de communication (calicot, banderole,<br \/>drapeau, flamme\u2026) fournis par vos soins + dossards offerts pour vos collaborateurs (10 max)<\/p>\n<h2>Pack Excellence<\/h2>\n<p>Votre logo sur tous nos dossards + les avantages du Pack Premium<\/p>\n<h2>Pack \u00c9quipements<\/h2>\n<p>Nul besoin d\u2019investir en budget, vous pouvez aider l\u2019organisation en fournissant du mat\u00e9riel ou un service indispensable au bon fonctionnement de l\u2019\u00e9v\u00e8nement. Nous convenons ensemble du moyen pour assurer la meilleure visibilit\u00e9 de votre engagement.<\/p>\n<p><a href=\"https:\/\/astronomic-run.fr\/wp-content\/uploads\/2022\/05\/ASTRONOMIC-RUN-Flyer-2022.pdf\" target=\"_blank\" rel=\"noopener noreferrer\" data-bcup-haslogintext=\"no\">T\u00e9l\u00e9charger le dossier de partenariat ici<\/a><\/p>\n<h2>Pourquoi une corrida solidaire \u00e0 Beine Nauroy ?<\/h2>\n<p>Beine-Nauroy est un village convivial avec une dynamique associative ancr\u00e9e dans son ADN. C\u2019est un lieu id\u00e9al pour accueillir un \u00e9v\u00e8nement sportif, faire vivre et d\u00e9couvrir une commune au patrimoine historique et culturel pittoresque. C\u2019est une occasion de f\u00e9d\u00e9rer largement les forces vives de notre territoire, de rassembler les amateurs de sport de tout niveau.<\/p>\n<h2>Nos Objectifs ?<\/h2>\n<ul>\n<li>Cr\u00e9er un rendez-vous populaire accessible \u00e0 tous les niveaux pour attirer un large public<\/li>\n<li>Dynamiser l\u2019animation sportive et faire d\u00e9couvrir notre village<\/li>\n<li>Inscrire durablement l\u2019Astronomic run au calendrier des courses hors stade de la r\u00e9gion r\u00e9moise<\/li>\n<li>Promouvoir et servir une bonne cause.<\/li>\n<\/ul>\n\n\n<p><\/p>\n","protected":false},"excerpt":{"rendered":"<p>Rejoignez les partenaires de \u00ab\u00a0L\u2019ASTRONOMIC RUN\u00a0\u00bb \u2022 Valoriser l\u2019engagement de votre entreprise ou de votre collectivit\u00e9 dans un \u00e9v\u00e8nement local\u2022 [&hellip;]<\/p>\n","protected":false},"author":1,"featured_media":0,"parent":0,"menu_order":0,"comment_status":"closed","ping_status":"closed","template":"","meta":{"footnotes":""},"class_list":["post-19","page","type-page","status-publish","hentry"],"_links":{"self":[{"href":"https:\/\/astronomic-run.fr\/index.php\/wp-json\/wp\/v2\/pages\/19","targetHints":{"allow":["GET"]}}],"collection":[{"href":"https:\/\/astronomic-run.fr\/index.php\/wp-json\/wp\/v2\/pages"}],"about":[{"href":"https:\/\/astronomic-run.fr\/index.php\/wp-json\/wp\/v2\/types\/page"}],"author":[{"embeddable":true,"href":"https:\/\/astronomic-run.fr\/index.php\/wp-json\/wp\/v2\/users\/1"}],"replies":[{"embeddable":true,"href":"https:\/\/astronomic-run.fr\/index.php\/wp-json\/wp\/v2\/comments?post=19"}],"version-history":[{"count":40,"href":"https:\/\/astronomic-run.fr\/index.php\/wp-json\/wp\/v2\/pages\/19\/revisions"}],"predecessor-version":[{"id":15587,"href":"https:\/\/astronomic-run.fr\/index.php\/wp-json\/wp\/v2\/pages\/19\/revisions\/15587"}],"wp:attachment":[{"href":"https:\/\/astronomic-run.fr\/index.php\/wp-json\/wp\/v2\/media?parent=19"}],"curies":[{"name":"wp","href":"https:\/\/api.w.org\/{rel}","templated":true}]}}