{"id":21,"date":"2018-06-02T22:44:59","date_gmt":"2018-06-02T20:44:59","guid":{"rendered":"https:\/\/astronomic-run.fr\/?page_id=21"},"modified":"2022-05-19T22:31:08","modified_gmt":"2022-05-19T20:31:08","slug":"inscriptions","status":"publish","type":"page","link":"https:\/\/astronomic-run.fr\/index.php\/inscriptions\/","title":{"rendered":"Inscription"},"content":{"rendered":"<h2>Inscriptions<\/h2>\n<p>Les inscriptions se font sur le site ledossard.com.<\/p>\n<p><!--Le nombre de places est limit\u00e9 : ne tardez pas \u00e0 vous inscrire !\n\n-->L\u2019\u00e9preuve est ouverte aux coureurs licenci\u00e9s et non licenci\u00e9s qui devront pr\u00e9senter des justificatifs.<\/p>\n<p>Pour toutes infos :<\/p>\n<p><a href=\"https:\/\/astronomic-run.fr\/wp-content\/uploads\/2022\/05\/Reglement2022.pdf\" target=\"_blank\" rel=\"noopener\">R\u00e8glement<\/a><\/p>\n<p><a href=\"https:\/\/astronomic-run.fr\/index.php\/sinscrire\/\">S&rsquo;inscrire<\/a><\/p>\n","protected":false},"excerpt":{"rendered":"<p>Inscriptions Les inscriptions se font sur le site ledossard.com. L\u2019\u00e9preuve est ouverte aux coureurs licenci\u00e9s et non licenci\u00e9s qui devront [&hellip;]<\/p>\n","protected":false},"author":1,"featured_media":0,"parent":0,"menu_order":0,"comment_status":"closed","ping_status":"closed","template":"","meta":{"footnotes":""},"class_list":["post-21","page","type-page","status-publish","hentry"],"_links":{"self":[{"href":"https:\/\/astronomic-run.fr\/index.php\/wp-json\/wp\/v2\/pages\/21","targetHints":{"allow":["GET"]}}],"collection":[{"href":"https:\/\/astronomic-run.fr\/index.php\/wp-json\/wp\/v2\/pages"}],"about":[{"href":"https:\/\/astronomic-run.fr\/index.php\/wp-json\/wp\/v2\/types\/page"}],"author":[{"embeddable":true,"href":"https:\/\/astronomic-run.fr\/index.php\/wp-json\/wp\/v2\/users\/1"}],"replies":[{"embeddable":true,"href":"https:\/\/astronomic-run.fr\/index.php\/wp-json\/wp\/v2\/comments?post=21"}],"version-history":[{"count":13,"href":"https:\/\/astronomic-run.fr\/index.php\/wp-json\/wp\/v2\/pages\/21\/revisions"}],"predecessor-version":[{"id":11738,"href":"https:\/\/astronomic-run.fr\/index.php\/wp-json\/wp\/v2\/pages\/21\/revisions\/11738"}],"wp:attachment":[{"href":"https:\/\/astronomic-run.fr\/index.php\/wp-json\/wp\/v2\/media?parent=21"}],"curies":[{"name":"wp","href":"https:\/\/api.w.org\/{rel}","templated":true}]}}