{"id":307,"date":"2018-09-18T23:10:52","date_gmt":"2018-09-18T21:10:52","guid":{"rendered":"https:\/\/astronomic-run.fr\/?page_id=307"},"modified":"2025-06-25T22:30:01","modified_gmt":"2025-06-25T20:30:01","slug":"on-parle-de-nous","status":"publish","type":"page","link":"https:\/\/astronomic-run.fr\/index.php\/on-parle-de-nous\/","title":{"rendered":"On parle de nous"},"content":{"rendered":"\n<p><strong>L&rsquo;Union du 16 septembre 2024<\/strong><br\/>Retour sur cette 7\u00e8me \u00e9dition<\/p>\n<p>\n<a href=\"https:\/\/astronomic-run.fr\/wp-content\/uploads\/2025\/06\/IMG_Union-16-09-2024.jpg\"><img decoding=\"async\" class=\"alignnone wp-image-6611 size-full\" src=\"https:\/\/astronomic-run.fr\/wp-content\/uploads\/2025\/06\/IMG_Union-16-09-2024.jpg\" alt=\"L'Union du 16 septembre 2024\" width=\"508\"><\/a><\/p>\n<\/p>\n<p><strong>L&rsquo;Union du 10 et 11 septembre 2023<\/strong><\/p>\n<p>\n<a href=\"https:\/\/astronomic-run.fr\/wp-content\/uploads\/2024\/05\/article-l-union-2023-09.jpg\"><img decoding=\"async\" class=\"alignnone wp-image-6611 size-full\" src=\"https:\/\/astronomic-run.fr\/wp-content\/uploads\/2024\/05\/article-l-union-2023-09.jpg\" alt=\"L'Union du 10 septembre 2023\" width=\"508\"><\/a><\/p>\n<p>\n<a href=\"https:\/\/astronomic-run.fr\/wp-content\/uploads\/2024\/05\/l-union-11-09-2023.jpg\"><img decoding=\"async\" class=\"alignnone wp-image-6611 size-full\" src=\"https:\/\/astronomic-run.fr\/wp-content\/uploads\/2024\/05\/l-union-11-09-2023.jpg\" alt=\"L'Union du 11 septembre 2023\" width=\"508\"><\/a>\n<\/p>\n\n<p><strong>L&rsquo;Union du 13\/09\/2021<\/strong><\/p>\n<p>\n<a href=\"https:\/\/astronomic-run.fr\/wp-content\/uploads\/2021\/09\/Journal-l-Union-13-09-2021.jpg\"><img decoding=\"async\" class=\"alignnone wp-image-6611 size-full\" src=\"https:\/\/astronomic-run.fr\/wp-content\/uploads\/2021\/09\/Journal-l-Union-13-09-2021.jpg\" alt=\"L'Union du 13 septembre 2021\" width=\"508\"><\/a>\n<\/p>\n\n<p><strong>Remise de ch\u00e8que \u00e0 l&rsquo;association \u00ab\u00a0Vaincre la Mucoviscidose\u00a0\u00bb<\/strong><\/p>\n<p>\n<a href=\"https:\/\/astronomic-run.fr\/wp-content\/uploads\/2020\/12\/received_682450389095234.jpeg\"><img decoding=\"async\" class=\"alignnone wp-image-6611 size-full\" src=\"https:\/\/astronomic-run.fr\/wp-content\/uploads\/2020\/12\/received_682450389095234.jpeg\" alt=\"Union-remise-cheque\" width=\"350\"><\/a>\n<\/p>\n\n<p><strong>L&rsquo;Union du 11\/09\/2020<\/strong><\/p>\n<p>\n<a href=\"https:\/\/astronomic-run.fr\/wp-content\/uploads\/2020\/12\/received_3262359940528626-e1614892430484.jpeg\"><img decoding=\"async\" class=\"alignnone wp-image-6611 size-full\" src=\"https:\/\/astronomic-run.fr\/wp-content\/uploads\/2020\/12\/received_3262359940528626-e1614892430484.jpeg\" alt=\"Union du 11 septembre 2020\" width=\"508\"><\/a>\n<\/p>\n\n<p><strong>L&rsquo;union du 30\/09 et 01\/10\/2019<\/strong><\/p>\n<p>\n<a href=\"https:\/\/astronomic-run.fr\/wp-content\/uploads\/2019\/10\/facebook_1570037573675.jpg\"><img loading=\"lazy\" decoding=\"async\" class=\"alignnone wp-image-6611 size-full\" src=\"https:\/\/astronomic-run.fr\/wp-content\/uploads\/2019\/10\/facebook_1570037573675.jpg\" alt=\"\" width=\"508\" height=\"960\" srcset=\"https:\/\/astronomic-run.fr\/wp-content\/uploads\/2019\/10\/facebook_1570037573675.jpg 508w, https:\/\/astronomic-run.fr\/wp-content\/uploads\/2019\/10\/facebook_1570037573675-159x300.jpg 159w\" sizes=\"auto, (max-width: 508px) 100vw, 508px\" \/><\/a><\/p>\n<p><a href=\"https:\/\/astronomic-run.fr\/wp-content\/uploads\/2019\/10\/facebook_1570037556624.jpg\"><img loading=\"lazy\" decoding=\"async\" class=\"alignnone wp-image-6610 size-full\" src=\"https:\/\/astronomic-run.fr\/wp-content\/uploads\/2019\/10\/facebook_1570037556624.jpg\" alt=\"\" width=\"720\" height=\"960\" srcset=\"https:\/\/astronomic-run.fr\/wp-content\/uploads\/2019\/10\/facebook_1570037556624.jpg 720w, https:\/\/astronomic-run.fr\/wp-content\/uploads\/2019\/10\/facebook_1570037556624-225x300.jpg 225w\" sizes=\"auto, (max-width: 720px) 100vw, 720px\" \/><\/a><\/p>\n<p>\n<a rel=\"noopener noreferrer\" href=\"https:\/\/issuu.com\/vdn6\/docs\/20191001_astro_run\/22\" target=\"_blank\">Lien vers la version num\u00e9rique de l&rsquo;Union du 01\/10\/2019.<\/a><\/p>\n\n<p>&nbsp;<\/p>\n\n<p><strong>Article de l&rsquo;Union du 23\/09\/2019<\/strong><\/p>\n<p>&nbsp;<\/p>\n<p><a href=\"https:\/\/astronomic-run.fr\/wp-content\/uploads\/2019\/09\/l-union-2019-09-23.jpeg\"><img loading=\"lazy\" decoding=\"async\" class=\"alignnone wp-image-3873 size-large\" src=\"https:\/\/astronomic-run.fr\/wp-content\/uploads\/2019\/09\/l-union-2019-09-23-576x1024.jpeg\" alt=\"Article L'union\" width=\"576\" height=\"1024\" srcset=\"https:\/\/astronomic-run.fr\/wp-content\/uploads\/2019\/09\/l-union-2019-09-23-576x1024.jpeg 576w, https:\/\/astronomic-run.fr\/wp-content\/uploads\/2019\/09\/l-union-2019-09-23-169x300.jpeg 169w, https:\/\/astronomic-run.fr\/wp-content\/uploads\/2019\/09\/l-union-2019-09-23-768x1366.jpeg 768w, https:\/\/astronomic-run.fr\/wp-content\/uploads\/2019\/09\/l-union-2019-09-23.jpeg 1994w\" sizes=\"auto, (max-width: 576px) 100vw, 576px\" \/><\/a><\/p>\n<p><a rel=\"noopener noreferrer\" href=\"https:\/\/abonne.lunion.fr\/id95662\/article\/2019-09-23\/qui-veut-courir-contre-la-sclerose-en-plaque-beine-nauroy-dimanche\" target=\"_blank\">Lien vers la version num\u00e9rique de L&rsquo;Union<\/a><\/p>\n<p>Podcast de Champagne FM du 24\/09\/2019 :<\/p>\n<p><a rel=\"noopener noreferrer\" href=\"https:\/\/www.champagnefm.com\/podcasts\/flash-info-marne-aisne-du-24-09-agrave-17-58-21854\" target=\"_blank\">https:\/\/www.champagnefm.com\/podcasts\/flash-info-marne-aisne-du-24-09-agrave-17-58-21854<\/a><\/p>\n<p>Podcast de Sport Club sur RJR du 27\/09\/2019 : <\/p>\n<p><iframe loading=\"lazy\" src=\"https:\/\/www.youtube.com\/embed\/vnD--l4L8Nc\" allowfullscreen=\"allowfullscreen\" width=\"560\" height=\"315\" frameborder=\"0\"><\/p>\n<p>\u00a0<\/p>\n<p><strong>L&rsquo;Union du 27\/09\/2019<\/strong><\/p>\n<p><a href=\"https:\/\/astronomic-run.fr\/wp-content\/uploads\/2019\/09\/l-union-2019-09-26.jpeg\"><img loading=\"lazy\" decoding=\"async\" width=\"780\" height=\"439\" class=\"alignnone wp-image-3882 size-large\" src=\"https:\/\/astronomic-run.fr\/wp-content\/uploads\/2019\/09\/l-union-2019-09-26-1024x576.jpeg\" alt=\"\" srcset=\"https:\/\/astronomic-run.fr\/wp-content\/uploads\/2019\/09\/l-union-2019-09-26-1024x576.jpeg 1024w, https:\/\/astronomic-run.fr\/wp-content\/uploads\/2019\/09\/l-union-2019-09-26-300x169.jpeg 300w, https:\/\/astronomic-run.fr\/wp-content\/uploads\/2019\/09\/l-union-2019-09-26-768x432.jpeg 768w, https:\/\/astronomic-run.fr\/wp-content\/uploads\/2019\/09\/l-union-2019-09-26.jpeg 2048w\" sizes=\"auto, (max-width: 780px) 100vw, 780px\" \/><\/a><\/p>\n<p><strong>Article de l&rsquo;Union du 18\/09\/2018<\/strong><\/p>\n<p><a rel=\"noopener noreferrer\" href=\"https:\/\/astronomic-run.fr\/wp-content\/uploads\/2018\/09\/article-union.jpg\" target=\"_blank\"><img loading=\"lazy\" decoding=\"async\" width=\"696\" height=\"960\" class=\"alignnone wp-image-308 size-full\" src=\"https:\/\/astronomic-run.fr\/wp-content\/uploads\/2018\/09\/article-union.jpg\" alt=\"\" srcset=\"https:\/\/astronomic-run.fr\/wp-content\/uploads\/2018\/09\/article-union.jpg 696w, https:\/\/astronomic-run.fr\/wp-content\/uploads\/2018\/09\/article-union-218x300.jpg 218w\" sizes=\"auto, (max-width: 696px) 100vw, 696px\" \/><\/a><\/p>\n<p><strong>Article de l&rsquo;Union du 22\/09\/2018<\/strong><\/p>\n<p><a rel=\"noopener noreferrer\" href=\"https:\/\/astronomic-run.fr\/wp-content\/uploads\/2018\/09\/L-Union-22-09-2018.pdf\" target=\"_blank\">L-Union-22-09-2018<\/a><\/p>\n<p><strong>Interview de Sport club sur la course<\/strong><\/p>\n<p><img loading=\"lazy\" decoding=\"async\" width=\"300\" height=\"76\" class=\"alignleft wp-image-3705 size-medium\" src=\"https:\/\/astronomic-run.fr\/wp-content\/uploads\/2018\/09\/sc-logo-300x76.png\" alt=\"\" srcset=\"https:\/\/astronomic-run.fr\/wp-content\/uploads\/2018\/09\/sc-logo-300x76.png 300w, https:\/\/astronomic-run.fr\/wp-content\/uploads\/2018\/09\/sc-logo-768x194.png 768w, https:\/\/astronomic-run.fr\/wp-content\/uploads\/2018\/09\/sc-logo-1024x258.png 1024w, https:\/\/astronomic-run.fr\/wp-content\/uploads\/2018\/09\/sc-logo.png 1363w\" sizes=\"auto, (max-width: 300px) 100vw, 300px\" \/><\/p>\n<p>&#91;audio mp3=\u00a0\u00bbhttps:\/\/astronomic-run.fr\/wp-content\/uploads\/2018\/09\/SportClub-SportClublemag-13-09-2018.mp3&Prime;]&#91;\/audio]<\/p>\n<p><strong>Article de l&rsquo;Union du 24 septembre 2018 :<\/strong><\/p>\n<p>&#91;carousel_slide id=&rsquo;361&prime;]<\/p>\n<p>Lien redirigeant vers le cahier num\u00e9rique d\u00e9di\u00e9 \u00e0 l&rsquo;Astronomic Run rattach\u00e9 \u00e0 l&rsquo;Union du jour :\n<a rel=\"noopener noreferrer\" shape=\"rect\" href=\"https:\/\/bit.ly\/2NQcCrd\" target=\"_blank\">https:\/\/bit.ly\/2NQcCrd<\/a><\/p><\/code><\/pre><\/iframe><\/p>\n","protected":false},"excerpt":{"rendered":"<p>L&rsquo;Union du 16 septembre 2024Retour sur cette 7\u00e8me \u00e9dition L&rsquo;Union du 10 et 11 septembre 2023 L&rsquo;Union du 13\/09\/2021 Remise [&hellip;]<\/p>\n","protected":false},"author":1,"featured_media":0,"parent":0,"menu_order":0,"comment_status":"closed","ping_status":"closed","template":"","meta":{"footnotes":""},"class_list":["post-307","page","type-page","status-publish","hentry"],"_links":{"self":[{"href":"https:\/\/astronomic-run.fr\/index.php\/wp-json\/wp\/v2\/pages\/307","targetHints":{"allow":["GET"]}}],"collection":[{"href":"https:\/\/astronomic-run.fr\/index.php\/wp-json\/wp\/v2\/pages"}],"about":[{"href":"https:\/\/astronomic-run.fr\/index.php\/wp-json\/wp\/v2\/types\/page"}],"author":[{"embeddable":true,"href":"https:\/\/astronomic-run.fr\/index.php\/wp-json\/wp\/v2\/users\/1"}],"replies":[{"embeddable":true,"href":"https:\/\/astronomic-run.fr\/index.php\/wp-json\/wp\/v2\/comments?post=307"}],"version-history":[{"count":43,"href":"https:\/\/astronomic-run.fr\/index.php\/wp-json\/wp\/v2\/pages\/307\/revisions"}],"predecessor-version":[{"id":15569,"href":"https:\/\/astronomic-run.fr\/index.php\/wp-json\/wp\/v2\/pages\/307\/revisions\/15569"}],"wp:attachment":[{"href":"https:\/\/astronomic-run.fr\/index.php\/wp-json\/wp\/v2\/media?parent=307"}],"curies":[{"name":"wp","href":"https:\/\/api.w.org\/{rel}","templated":true}]}}